{"id":48,"date":"2024-09-18T15:36:15","date_gmt":"2024-09-18T13:36:15","guid":{"rendered":"https:\/\/clara-tachoueres-kine.fr\/?page_id=48"},"modified":"2025-10-23T17:32:19","modified_gmt":"2025-10-23T15:32:19","slug":"contact","status":"publish","type":"page","link":"https:\/\/clara-tachoueres-kine.fr\/index.php\/contact\/","title":{"rendered":"Contact"},"content":{"rendered":"<div data-colibri-id=\"48-c1\" class=\"style-973 style-local-48-c1 position-relative\">\n  <!---->\n  <div data-colibri-component=\"section\" data-colibri-id=\"48-c2\" id=\"initial-content\" class=\"h-section h-section-global-spacing d-flex align-items-lg-center align-items-md-center align-items-center style-974 style-local-48-c2 position-relative\">\n    <!---->\n    <!---->\n    <div class=\"h-section-grid-container h-section-boxed-container\">\n      <!---->\n      <div data-colibri-id=\"48-c6\" class=\"h-row-container gutters-row-lg-2 gutters-row-md-2 gutters-row-0 gutters-row-v-lg-2 gutters-row-v-md-2 gutters-row-v-2 style-978 style-local-48-c6 position-relative\">\n        <!---->\n        <div class=\"h-row justify-content-lg-center justify-content-md-center justify-content-center align-items-lg-stretch align-items-md-stretch align-items-stretch gutters-col-lg-2 gutters-col-md-2 gutters-col-0 gutters-col-v-lg-2 gutters-col-v-md-2 gutters-col-v-2\">\n          <!---->\n          <div class=\"h-column h-column-container d-flex h-col-lg-auto h-col-md-auto h-col-auto style-979-outer style-local-48-c7-outer\">\n            <div data-colibri-id=\"48-c7\" class=\"d-flex h-flex-basis h-column__inner h-px-lg-2 h-px-md-2 h-px-2 v-inner-lg-2 v-inner-md-2 v-inner-2 style-979 style-local-48-c7 position-relative\">\n              <!---->\n              <!---->\n              <div class=\"w-100 h-y-container h-column__content h-column__v-align flex-basis-100 align-self-lg-start align-self-md-start align-self-start\">\n                <!---->\n                <div data-colibri-id=\"48-c8\" class=\"h-text h-text-component style-980 style-local-48-c8 position-relative h-element\">\n                  <!---->\n                  <!---->\n                  <div class=\"\">\n                    <p>Le cabinet de kin\u00e9sith\u00e9rapie est situ\u00e9 au 37 bis Avenue du Baron Haussmann \u00e0 Cestas (33610), dans un cabinet pluridisciplinaire disposant d&rsquo;un parking.&nbsp;<\/p>\n                  <\/div>\n                <\/div>\n              <\/div>\n            <\/div>\n          <\/div>\n        <\/div>\n      <\/div>\n      <div data-colibri-id=\"48-c3\" class=\"h-row-container gutters-row-lg-2 gutters-row-md-2 gutters-row-0 gutters-row-v-lg-2 gutters-row-v-md-2 gutters-row-v-2 style-975 style-local-48-c3 position-relative\">\n        <!---->\n        <div class=\"h-row justify-content-lg-center justify-content-md-center justify-content-center align-items-lg-stretch align-items-md-stretch align-items-stretch gutters-col-lg-2 gutters-col-md-2 gutters-col-0 gutters-col-v-lg-2 gutters-col-v-md-2 gutters-col-v-2\">\n          <!---->\n          <div class=\"h-column h-column-container d-flex h-col-lg-auto h-col-md-auto h-col-auto style-976-outer style-local-48-c4-outer\">\n            <div data-colibri-id=\"48-c4\" class=\"d-flex h-flex-basis h-column__inner h-px-lg-2 h-px-md-2 h-px-2 v-inner-lg-2 v-inner-md-2 v-inner-2 style-976 style-local-48-c4 position-relative\">\n              <!---->\n              <!---->\n              <div class=\"w-100 h-y-container h-column__content h-column__v-align flex-basis-100 align-self-lg-start align-self-md-start align-self-start\">\n                <!---->\n                <div data-colibri-id=\"48-c5\" class=\"style-977 style-local-48-c5 position-relative h-element\">\n                  <!---->\n                  <div>\n                    <iframe loading=\"lazy\" src=\"https:\/\/maps.google.com\/maps?q=37b%20Avenue%20du%20Baron%20Haussmann%2C%2033610%20Cestas&amp;t=m&amp;z=11&amp;output=embed&amp;iwloc=near\" title=\"37b Avenue du Baron Haussmann, 33610 Cestas\" aria-label=\"37b Avenue du Baron Haussmann, 33610 Cestas\"><\/iframe>\n                  <\/div>\n                <\/div>\n              <\/div>\n            <\/div>\n          <\/div>\n          <div class=\"h-column h-column-container d-flex h-col-lg-auto h-col-md-auto h-col-auto style-982-outer style-local-48-c10-outer\">\n            <div data-colibri-id=\"48-c10\" class=\"d-flex h-flex-basis h-column__inner h-px-lg-2 h-px-md-2 h-px-2 v-inner-lg-2 v-inner-md-2 v-inner-2 style-982 style-local-48-c10 position-relative\">\n              <!---->\n              <!---->\n              <div class=\"w-100 h-y-container h-column__content h-column__v-align flex-basis-100 align-self-lg-start align-self-md-start align-self-start\">\n                <!---->\n                <div data-colibri-id=\"48-c12\" class=\"h-text h-text-component style-984 style-local-48-c12 position-relative h-element\">\n                  <!---->\n                  <!---->\n                  <div class=\"\">\n                    <p>Vous pouvez me contacter pour prendre un rendez-vous par t\u00e9l\u00e9phone en laissant un message au : 06.49.19.03.33<\/p>\n                  <\/div>\n                <\/div>\n                <div data-colibri-id=\"48-c11\" class=\"h-text h-text-component style-983 style-local-48-c11 position-relative h-element\">\n                  <!---->\n                  <!---->\n                  <div class=\"\">\n                    <p>Cliquez sur le lien Google Maps pour pr\u00e9voir votre itin\u00e9raire jusqu&rsquo;au cabinet<\/p>\n                  <\/div>\n                <\/div>\n              <\/div>\n            <\/div>\n          <\/div>\n        <\/div>\n      <\/div>\n    <\/div>\n  <\/div>\n<\/div>","protected":false},"excerpt":{"rendered":"<p>Le cabinet de kin\u00e9sith\u00e9rapie est situ\u00e9 au 37 bis Avenue du Baron Haussmann \u00e0 Cestas (33610), dans un cabinet pluridisciplinaire disposant d&rsquo;un parking.&nbsp; Vous pouvez me contacter pour prendre un rendez-vous par t\u00e9l\u00e9phone en laissant un message au : 06.49.19.03.33 Cliquez sur le lien Google Maps pour pr\u00e9voir votre itin\u00e9raire jusqu&rsquo;au cabinet<\/p>\n","protected":false},"author":1,"featured_media":0,"parent":0,"menu_order":0,"comment_status":"closed","ping_status":"closed","template":"page-templates\/full-width-page.php","meta":{"footnotes":""},"class_list":["post-48","page","type-page","status-publish","hentry"],"yoast_head":"<!-- This site is optimized with the Yoast SEO plugin v27.4 - https:\/\/yoast.com\/product\/yoast-seo-wordpress\/ -->\n<title>Contact - Clara Tachoueres<\/title>\n<meta name=\"robots\" content=\"index, follow, max-snippet:-1, max-image-preview:large, max-video-preview:-1\" \/>\n<link rel=\"canonical\" href=\"https:\/\/clara-tachoueres-kine.fr\/index.php\/contact\/\" \/>\n<meta property=\"og:locale\" content=\"fr_FR\" \/>\n<meta property=\"og:type\" content=\"article\" \/>\n<meta property=\"og:title\" content=\"Contact - Clara Tachoueres\" \/>\n<meta property=\"og:description\" content=\"Le cabinet de kin\u00e9sith\u00e9rapie est situ\u00e9 au 37 bis Avenue du Baron Haussmann \u00e0 Cestas (33610), dans un cabinet pluridisciplinaire disposant d&rsquo;un parking.&nbsp; Vous pouvez me contacter pour prendre un rendez-vous par t\u00e9l\u00e9phone en laissant un message au : 06.49.19.03.33 Cliquez sur le lien Google Maps pour pr\u00e9voir votre itin\u00e9raire jusqu&rsquo;au cabinet\" \/>\n<meta property=\"og:url\" content=\"https:\/\/clara-tachoueres-kine.fr\/index.php\/contact\/\" \/>\n<meta property=\"og:site_name\" content=\"Clara Tachoueres\" \/>\n<meta property=\"article:modified_time\" content=\"2025-10-23T15:32:19+00:00\" \/>\n<meta name=\"twitter:card\" content=\"summary_large_image\" \/>\n<script type=\"application\/ld+json\" class=\"yoast-schema-graph\">{\"@context\":\"https:\\\/\\\/schema.org\",\"@graph\":[{\"@type\":\"WebPage\",\"@id\":\"https:\\\/\\\/clara-tachoueres-kine.fr\\\/index.php\\\/contact\\\/\",\"url\":\"https:\\\/\\\/clara-tachoueres-kine.fr\\\/index.php\\\/contact\\\/\",\"name\":\"Contact - Clara Tachoueres\",\"isPartOf\":{\"@id\":\"https:\\\/\\\/clara-tachoueres-kine.fr\\\/#website\"},\"datePublished\":\"2024-09-18T13:36:15+00:00\",\"dateModified\":\"2025-10-23T15:32:19+00:00\",\"breadcrumb\":{\"@id\":\"https:\\\/\\\/clara-tachoueres-kine.fr\\\/index.php\\\/contact\\\/#breadcrumb\"},\"inLanguage\":\"fr-FR\",\"potentialAction\":[{\"@type\":\"ReadAction\",\"target\":[\"https:\\\/\\\/clara-tachoueres-kine.fr\\\/index.php\\\/contact\\\/\"]}]},{\"@type\":\"BreadcrumbList\",\"@id\":\"https:\\\/\\\/clara-tachoueres-kine.fr\\\/index.php\\\/contact\\\/#breadcrumb\",\"itemListElement\":[{\"@type\":\"ListItem\",\"position\":1,\"name\":\"Accueil\",\"item\":\"https:\\\/\\\/clara-tachoueres-kine.fr\\\/\"},{\"@type\":\"ListItem\",\"position\":2,\"name\":\"Contact\"}]},{\"@type\":\"WebSite\",\"@id\":\"https:\\\/\\\/clara-tachoueres-kine.fr\\\/#website\",\"url\":\"https:\\\/\\\/clara-tachoueres-kine.fr\\\/\",\"name\":\"Clara Tachoueres\",\"description\":\"Masseur-kin\u00e9sith\u00e9rapeute \u00e0 Cestas\",\"publisher\":{\"@id\":\"https:\\\/\\\/clara-tachoueres-kine.fr\\\/#\\\/schema\\\/person\\\/f91b797a214a670dcfa2b917ffd61f02\"},\"potentialAction\":[{\"@type\":\"SearchAction\",\"target\":{\"@type\":\"EntryPoint\",\"urlTemplate\":\"https:\\\/\\\/clara-tachoueres-kine.fr\\\/?s={search_term_string}\"},\"query-input\":{\"@type\":\"PropertyValueSpecification\",\"valueRequired\":true,\"valueName\":\"search_term_string\"}}],\"inLanguage\":\"fr-FR\"},{\"@type\":[\"Person\",\"Organization\"],\"@id\":\"https:\\\/\\\/clara-tachoueres-kine.fr\\\/#\\\/schema\\\/person\\\/f91b797a214a670dcfa2b917ffd61f02\",\"name\":\"Clara Tachoueres\",\"image\":{\"@type\":\"ImageObject\",\"inLanguage\":\"fr-FR\",\"@id\":\"https:\\\/\\\/clara-tachoueres-kine.fr\\\/wp-content\\\/uploads\\\/2024\\\/09\\\/cropped-cropped-sticker-masseur-kinesitherapeute-logo-caducee.jpg\",\"url\":\"https:\\\/\\\/clara-tachoueres-kine.fr\\\/wp-content\\\/uploads\\\/2024\\\/09\\\/cropped-cropped-sticker-masseur-kinesitherapeute-logo-caducee.jpg\",\"contentUrl\":\"https:\\\/\\\/clara-tachoueres-kine.fr\\\/wp-content\\\/uploads\\\/2024\\\/09\\\/cropped-cropped-sticker-masseur-kinesitherapeute-logo-caducee.jpg\",\"width\":511,\"height\":511,\"caption\":\"Clara Tachoueres\"},\"logo\":{\"@id\":\"https:\\\/\\\/clara-tachoueres-kine.fr\\\/wp-content\\\/uploads\\\/2024\\\/09\\\/cropped-cropped-sticker-masseur-kinesitherapeute-logo-caducee.jpg\"},\"sameAs\":[\"http:\\\/\\\/clara-tachoueres-kine.fr\"]}]}<\/script>\n<!-- \/ Yoast SEO plugin. -->","yoast_head_json":{"title":"Contact - Clara Tachoueres","robots":{"index":"index","follow":"follow","max-snippet":"max-snippet:-1","max-image-preview":"max-image-preview:large","max-video-preview":"max-video-preview:-1"},"canonical":"https:\/\/clara-tachoueres-kine.fr\/index.php\/contact\/","og_locale":"fr_FR","og_type":"article","og_title":"Contact - Clara Tachoueres","og_description":"Le cabinet de kin\u00e9sith\u00e9rapie est situ\u00e9 au 37 bis Avenue du Baron Haussmann \u00e0 Cestas (33610), dans un cabinet pluridisciplinaire disposant d&rsquo;un parking.&nbsp; Vous pouvez me contacter pour prendre un rendez-vous par t\u00e9l\u00e9phone en laissant un message au : 06.49.19.03.33 Cliquez sur le lien Google Maps pour pr\u00e9voir votre itin\u00e9raire jusqu&rsquo;au cabinet","og_url":"https:\/\/clara-tachoueres-kine.fr\/index.php\/contact\/","og_site_name":"Clara Tachoueres","article_modified_time":"2025-10-23T15:32:19+00:00","twitter_card":"summary_large_image","schema":{"@context":"https:\/\/schema.org","@graph":[{"@type":"WebPage","@id":"https:\/\/clara-tachoueres-kine.fr\/index.php\/contact\/","url":"https:\/\/clara-tachoueres-kine.fr\/index.php\/contact\/","name":"Contact - Clara Tachoueres","isPartOf":{"@id":"https:\/\/clara-tachoueres-kine.fr\/#website"},"datePublished":"2024-09-18T13:36:15+00:00","dateModified":"2025-10-23T15:32:19+00:00","breadcrumb":{"@id":"https:\/\/clara-tachoueres-kine.fr\/index.php\/contact\/#breadcrumb"},"inLanguage":"fr-FR","potentialAction":[{"@type":"ReadAction","target":["https:\/\/clara-tachoueres-kine.fr\/index.php\/contact\/"]}]},{"@type":"BreadcrumbList","@id":"https:\/\/clara-tachoueres-kine.fr\/index.php\/contact\/#breadcrumb","itemListElement":[{"@type":"ListItem","position":1,"name":"Accueil","item":"https:\/\/clara-tachoueres-kine.fr\/"},{"@type":"ListItem","position":2,"name":"Contact"}]},{"@type":"WebSite","@id":"https:\/\/clara-tachoueres-kine.fr\/#website","url":"https:\/\/clara-tachoueres-kine.fr\/","name":"Clara Tachoueres","description":"Masseur-kin\u00e9sith\u00e9rapeute \u00e0 Cestas","publisher":{"@id":"https:\/\/clara-tachoueres-kine.fr\/#\/schema\/person\/f91b797a214a670dcfa2b917ffd61f02"},"potentialAction":[{"@type":"SearchAction","target":{"@type":"EntryPoint","urlTemplate":"https:\/\/clara-tachoueres-kine.fr\/?s={search_term_string}"},"query-input":{"@type":"PropertyValueSpecification","valueRequired":true,"valueName":"search_term_string"}}],"inLanguage":"fr-FR"},{"@type":["Person","Organization"],"@id":"https:\/\/clara-tachoueres-kine.fr\/#\/schema\/person\/f91b797a214a670dcfa2b917ffd61f02","name":"Clara Tachoueres","image":{"@type":"ImageObject","inLanguage":"fr-FR","@id":"https:\/\/clara-tachoueres-kine.fr\/wp-content\/uploads\/2024\/09\/cropped-cropped-sticker-masseur-kinesitherapeute-logo-caducee.jpg","url":"https:\/\/clara-tachoueres-kine.fr\/wp-content\/uploads\/2024\/09\/cropped-cropped-sticker-masseur-kinesitherapeute-logo-caducee.jpg","contentUrl":"https:\/\/clara-tachoueres-kine.fr\/wp-content\/uploads\/2024\/09\/cropped-cropped-sticker-masseur-kinesitherapeute-logo-caducee.jpg","width":511,"height":511,"caption":"Clara Tachoueres"},"logo":{"@id":"https:\/\/clara-tachoueres-kine.fr\/wp-content\/uploads\/2024\/09\/cropped-cropped-sticker-masseur-kinesitherapeute-logo-caducee.jpg"},"sameAs":["http:\/\/clara-tachoueres-kine.fr"]}]}},"_links":{"self":[{"href":"https:\/\/clara-tachoueres-kine.fr\/index.php\/wp-json\/wp\/v2\/pages\/48","targetHints":{"allow":["GET"]}}],"collection":[{"href":"https:\/\/clara-tachoueres-kine.fr\/index.php\/wp-json\/wp\/v2\/pages"}],"about":[{"href":"https:\/\/clara-tachoueres-kine.fr\/index.php\/wp-json\/wp\/v2\/types\/page"}],"author":[{"embeddable":true,"href":"https:\/\/clara-tachoueres-kine.fr\/index.php\/wp-json\/wp\/v2\/users\/1"}],"replies":[{"embeddable":true,"href":"https:\/\/clara-tachoueres-kine.fr\/index.php\/wp-json\/wp\/v2\/comments?post=48"}],"version-history":[{"count":5,"href":"https:\/\/clara-tachoueres-kine.fr\/index.php\/wp-json\/wp\/v2\/pages\/48\/revisions"}],"predecessor-version":[{"id":1101,"href":"https:\/\/clara-tachoueres-kine.fr\/index.php\/wp-json\/wp\/v2\/pages\/48\/revisions\/1101"}],"wp:attachment":[{"href":"https:\/\/clara-tachoueres-kine.fr\/index.php\/wp-json\/wp\/v2\/media?parent=48"}],"curies":[{"name":"wp","href":"https:\/\/api.w.org\/{rel}","templated":true}]}}